{"id":472,"date":"2026-01-04T15:59:39","date_gmt":"2026-01-04T15:59:39","guid":{"rendered":"https:\/\/occorp.ca\/home\/"},"modified":"2026-01-28T14:28:37","modified_gmt":"2026-01-28T14:28:37","slug":"home","status":"publish","type":"page","link":"https:\/\/occorp.ca\/en\/","title":{"rendered":"Home"},"content":{"rendered":"\t\t<div data-elementor-type=\"wp-page\" data-elementor-id=\"472\" class=\"elementor elementor-472\">\n\t\t\t\t<div class=\"elementor-element elementor-element-a24cded e-flex e-con-boxed e-con e-parent\" data-id=\"a24cded\" data-element_type=\"container\" data-e-type=\"container\" data-settings=\"{&quot;background_background&quot;:&quot;slideshow&quot;,&quot;background_slideshow_gallery&quot;:[{&quot;id&quot;:818,&quot;url&quot;:&quot;https:\\\/\\\/occorp.ca\\\/wp-content\\\/uploads\\\/2026\\\/01\\\/1844-1.jpg&quot;},{&quot;id&quot;:880,&quot;url&quot;:&quot;https:\\\/\\\/occorp.ca\\\/wp-content\\\/uploads\\\/2026\\\/01\\\/14172-1.jpg&quot;},{&quot;id&quot;:857,&quot;url&quot;:&quot;https:\\\/\\\/occorp.ca\\\/wp-content\\\/uploads\\\/2026\\\/01\\\/30608-1.jpg&quot;},{&quot;id&quot;:881,&quot;url&quot;:&quot;https:\\\/\\\/occorp.ca\\\/wp-content\\\/uploads\\\/2026\\\/01\\\/5744-1.jpg&quot;},{&quot;id&quot;:816,&quot;url&quot;:&quot;https:\\\/\\\/occorp.ca\\\/wp-content\\\/uploads\\\/2026\\\/01\\\/118359-1.jpg&quot;},{&quot;id&quot;:879,&quot;url&quot;:&quot;https:\\\/\\\/occorp.ca\\\/wp-content\\\/uploads\\\/2026\\\/01\\\/5749-1.jpg&quot;}],&quot;background_slideshow_loop&quot;:&quot;yes&quot;,&quot;background_slideshow_slide_duration&quot;:5000,&quot;background_slideshow_slide_transition&quot;:&quot;fade&quot;,&quot;background_slideshow_transition_duration&quot;:500}\">\n\t\t\t\t\t<div class=\"e-con-inner\">\n\t\t<div class=\"elementor-element elementor-element-9e90ca0 e-con-full e-flex e-con e-child\" data-id=\"9e90ca0\" data-element_type=\"container\" data-e-type=\"container\">\n\t\t\t\t<div class=\"elementor-element elementor-element-c11923f elementor-invisible elementor-widget elementor-widget-icon-box\" data-id=\"c11923f\" data-element_type=\"widget\" data-e-type=\"widget\" data-settings=\"{&quot;_animation&quot;:&quot;fadeInLeft&quot;}\" data-widget_type=\"icon-box.default\">\n\t\t\t\t<div class=\"elementor-widget-container\">\n\t\t\t\t\t\t\t<div class=\"elementor-icon-box-wrapper\">\n\n\t\t\t\n\t\t\t\t\t\t<div class=\"elementor-icon-box-content\">\n\n\t\t\t\t\t\t\t\t\t<h5 class=\"elementor-icon-box-title\">\n\t\t\t\t\t\t<a href=\"#\" >\n\t\t\t\t\t\t\tBienvenue sur\t\t\t\t\t\t<\/a>\n\t\t\t\t\t<\/h5>\n\t\t\t\t\n\t\t\t\t\n\t\t\t<\/div>\n\t\t\t\n\t\t<\/div>\n\t\t\t\t\t\t<\/div>\n\t\t\t\t<\/div>\n\t\t\t\t<div class=\"elementor-element elementor-element-b5733c0 elementor-invisible elementor-widget elementor-widget-heading\" data-id=\"b5733c0\" data-element_type=\"widget\" data-e-type=\"widget\" data-settings=\"{&quot;_animation&quot;:&quot;fadeInLeft&quot;}\" data-widget_type=\"heading.default\">\n\t\t\t\t<div class=\"elementor-widget-container\">\n\t\t\t\t\t<h1 class=\"elementor-heading-title elementor-size-default\">OC Corporation<\/h1>\t\t\t\t<\/div>\n\t\t\t\t<\/div>\n\t\t<div class=\"elementor-element elementor-element-cffb3d5 e-con-full e-flex e-con e-child\" data-id=\"cffb3d5\" data-element_type=\"container\" data-e-type=\"container\">\n\t\t<div class=\"elementor-element elementor-element-8578a79 e-con-full e-flex e-con e-child\" data-id=\"8578a79\" data-element_type=\"container\" data-e-type=\"container\">\n\t\t\t\t<div class=\"elementor-element elementor-element-46ee090 elementor-invisible elementor-widget elementor-widget-button\" data-id=\"46ee090\" data-element_type=\"widget\" data-e-type=\"widget\" data-settings=\"{&quot;_animation&quot;:&quot;flash&quot;,&quot;_animation_delay&quot;:1000}\" data-widget_type=\"button.default\">\n\t\t\t\t<div class=\"elementor-widget-container\">\n\t\t\t\t\t\t\t\t\t<div class=\"elementor-button-wrapper\">\n\t\t\t\t\t<a class=\"elementor-button elementor-button-link elementor-size-sm\" href=\"https:\/\/genie.occorp.ca\/\">\n\t\t\t\t\t\t<span class=\"elementor-button-content-wrapper\">\n\t\t\t\t\t\t\t\t\t<span class=\"elementor-button-text\">Allez sur OC G\u00e9nie<\/span>\n\t\t\t\t\t<\/span>\n\t\t\t\t\t<\/a>\n\t\t\t\t<\/div>\n\t\t\t\t\t\t\t\t<\/div>\n\t\t\t\t<\/div>\n\t\t\t\t<div class=\"elementor-element elementor-element-b7f5e17 elementor-invisible elementor-widget elementor-widget-button\" data-id=\"b7f5e17\" data-element_type=\"widget\" data-e-type=\"widget\" data-settings=\"{&quot;_animation&quot;:&quot;flash&quot;,&quot;_animation_delay&quot;:1000}\" data-widget_type=\"button.default\">\n\t\t\t\t<div class=\"elementor-widget-container\">\n\t\t\t\t\t\t\t\t\t<div class=\"elementor-button-wrapper\">\n\t\t\t\t\t<a class=\"elementor-button elementor-button-link elementor-size-sm\" href=\"https:\/\/aviation.occorp.ca\/\">\n\t\t\t\t\t\t<span class=\"elementor-button-content-wrapper\">\n\t\t\t\t\t\t\t\t\t<span class=\"elementor-button-text\">Aller sur OC Aviation<\/span>\n\t\t\t\t\t<\/span>\n\t\t\t\t\t<\/a>\n\t\t\t\t<\/div>\n\t\t\t\t\t\t\t\t<\/div>\n\t\t\t\t<\/div>\n\t\t\t\t<\/div>\n\t\t\t\t<\/div>\n\t\t\t\t<\/div>\n\t\t\t\t\t<\/div>\n\t\t\t\t<\/div>\n\t\t<div class=\"elementor-element elementor-element-91262cc e-flex e-con-boxed e-con e-parent\" data-id=\"91262cc\" data-element_type=\"container\" data-e-type=\"container\" data-settings=\"{&quot;background_background&quot;:&quot;classic&quot;,&quot;animation&quot;:&quot;none&quot;}\">\n\t\t\t\t\t<div class=\"e-con-inner\">\n\t\t<div class=\"elementor-element elementor-element-d1403db e-con-full e-flex e-con e-child\" data-id=\"d1403db\" data-element_type=\"container\" data-e-type=\"container\" data-settings=\"{&quot;animation&quot;:&quot;none&quot;}\">\n\t\t<div class=\"elementor-element elementor-element-eb0b187 e-con-full e-flex e-con e-child\" data-id=\"eb0b187\" data-element_type=\"container\" data-e-type=\"container\">\n\t\t<div class=\"elementor-element elementor-element-8df1a12 e-con-full e-flex e-con e-child\" data-id=\"8df1a12\" data-element_type=\"container\" data-e-type=\"container\">\n\t\t\t\t<div class=\"elementor-element elementor-element-201a1c0 elementor-invisible elementor-widget elementor-widget-heading\" data-id=\"201a1c0\" data-element_type=\"widget\" data-e-type=\"widget\" data-settings=\"{&quot;_animation&quot;:&quot;fadeInLeft&quot;}\" data-widget_type=\"heading.default\">\n\t\t\t\t<div class=\"elementor-widget-container\">\n\t\t\t\t\t<h6 class=\"elementor-heading-title elementor-size-default\">OC G\u00e9nie<\/h6>\t\t\t\t<\/div>\n\t\t\t\t<\/div>\n\t\t\t\t<div class=\"elementor-element elementor-element-9d46e7f elementor-invisible elementor-widget elementor-widget-heading\" data-id=\"9d46e7f\" data-element_type=\"widget\" data-e-type=\"widget\" data-settings=\"{&quot;_animation&quot;:&quot;fadeInLeft&quot;}\" data-widget_type=\"heading.default\">\n\t\t\t\t<div class=\"elementor-widget-container\">\n\t\t\t\t\t<h3 class=\"elementor-heading-title elementor-size-default\">OC G\u00e9nie est une firme en g\u00e9nie-conseil sp\u00e9cialis\u00e9e dans la conception de structures en acier, en bois et en b\u00e9ton arm\u00e9.<\/h3>\t\t\t\t<\/div>\n\t\t\t\t<\/div>\n\t\t\t\t<div class=\"elementor-element elementor-element-c635c64 elementor-invisible elementor-widget elementor-widget-button\" data-id=\"c635c64\" data-element_type=\"widget\" data-e-type=\"widget\" data-settings=\"{&quot;_animation&quot;:&quot;fadeInLeft&quot;}\" data-widget_type=\"button.default\">\n\t\t\t\t<div class=\"elementor-widget-container\">\n\t\t\t\t\t\t\t\t\t<div class=\"elementor-button-wrapper\">\n\t\t\t\t\t<a class=\"elementor-button elementor-button-link elementor-size-sm\" href=\"https:\/\/genie.occorp.ca\/\">\n\t\t\t\t\t\t<span class=\"elementor-button-content-wrapper\">\n\t\t\t\t\t\t\t\t\t<span class=\"elementor-button-text\">Allez sur OC G\u00e9nie<\/span>\n\t\t\t\t\t<\/span>\n\t\t\t\t\t<\/a>\n\t\t\t\t<\/div>\n\t\t\t\t\t\t\t\t<\/div>\n\t\t\t\t<\/div>\n\t\t\t\t<\/div>\n\t\t<div class=\"elementor-element elementor-element-7abc58d e-con-full e-flex e-con e-child\" data-id=\"7abc58d\" data-element_type=\"container\" data-e-type=\"container\">\n\t\t\t\t<div class=\"elementor-element elementor-element-d3c35ff elementor-invisible elementor-widget elementor-widget-image\" data-id=\"d3c35ff\" data-element_type=\"widget\" data-e-type=\"widget\" data-settings=\"{&quot;_animation&quot;:&quot;fadeInLeft&quot;}\" data-widget_type=\"image.default\">\n\t\t\t\t<div class=\"elementor-widget-container\">\n\t\t\t\t\t\t\t\t\t\t\t\t\t\t\t<img fetchpriority=\"high\" decoding=\"async\" width=\"1024\" height=\"576\" src=\"https:\/\/occorp.ca\/wp-content\/uploads\/2026\/01\/119802-1-1024x576.jpg\" class=\"elementor-animation-float attachment-large size-large wp-image-957\" alt=\"oc corporation, oc genie, oc aviation, engineering and aviation company\" srcset=\"https:\/\/occorp.ca\/wp-content\/uploads\/2026\/01\/119802-1-1024x576.jpg 1024w, https:\/\/occorp.ca\/wp-content\/uploads\/2026\/01\/119802-1-300x169.jpg 300w, https:\/\/occorp.ca\/wp-content\/uploads\/2026\/01\/119802-1-768x432.jpg 768w, https:\/\/occorp.ca\/wp-content\/uploads\/2026\/01\/119802-1-1536x864.jpg 1536w, https:\/\/occorp.ca\/wp-content\/uploads\/2026\/01\/119802-1-18x10.jpg 18w, https:\/\/occorp.ca\/wp-content\/uploads\/2026\/01\/119802-1.jpg 2000w\" sizes=\"(max-width: 1024px) 100vw, 1024px\" title=\"Home\">\t\t\t\t\t\t\t\t\t\t\t\t\t\t\t<\/div>\n\t\t\t\t<\/div>\n\t\t\t\t<\/div>\n\t\t\t\t<\/div>\n\t\t\t\t<\/div>\n\t\t\t\t\t<\/div>\n\t\t\t\t<\/div>\n\t\t<div class=\"elementor-element elementor-element-8c8e7c2 e-flex e-con-boxed e-con e-parent\" data-id=\"8c8e7c2\" data-element_type=\"container\" data-e-type=\"container\" data-settings=\"{&quot;background_background&quot;:&quot;classic&quot;,&quot;animation&quot;:&quot;none&quot;}\">\n\t\t\t\t\t<div class=\"e-con-inner\">\n\t\t<div class=\"elementor-element elementor-element-5f78309 e-con-full e-flex e-con e-child\" data-id=\"5f78309\" data-element_type=\"container\" data-e-type=\"container\">\n\t\t<div class=\"elementor-element elementor-element-23494de e-con-full e-flex e-con e-child\" data-id=\"23494de\" data-element_type=\"container\" data-e-type=\"container\">\n\t\t<div class=\"elementor-element elementor-element-1e856ac e-con-full e-flex e-con e-child\" data-id=\"1e856ac\" data-element_type=\"container\" data-e-type=\"container\">\n\t\t\t\t<div class=\"elementor-element elementor-element-86b1bd9 elementor-invisible elementor-widget elementor-widget-image\" data-id=\"86b1bd9\" data-element_type=\"widget\" data-e-type=\"widget\" data-settings=\"{&quot;_animation&quot;:&quot;fadeInRight&quot;}\" data-widget_type=\"image.default\">\n\t\t\t\t<div class=\"elementor-widget-container\">\n\t\t\t\t\t\t\t\t\t\t\t\t\t\t\t<img decoding=\"async\" width=\"1024\" height=\"683\" src=\"https:\/\/occorp.ca\/wp-content\/uploads\/2026\/01\/A-propos.jpg-1024x683.jpeg\" class=\"elementor-animation-float attachment-large size-large wp-image-990\" alt=\"oc corporation, oc genie, oc aviation, engineering and aviation company\" srcset=\"https:\/\/occorp.ca\/wp-content\/uploads\/2026\/01\/A-propos.jpg-1024x683.jpeg 1024w, https:\/\/occorp.ca\/wp-content\/uploads\/2026\/01\/A-propos.jpg-300x200.jpeg 300w, https:\/\/occorp.ca\/wp-content\/uploads\/2026\/01\/A-propos.jpg-768x512.jpeg 768w, https:\/\/occorp.ca\/wp-content\/uploads\/2026\/01\/A-propos.jpg-18x12.jpeg 18w, https:\/\/occorp.ca\/wp-content\/uploads\/2026\/01\/A-propos.jpg.jpeg 1499w\" sizes=\"(max-width: 1024px) 100vw, 1024px\" title=\"Home\">\t\t\t\t\t\t\t\t\t\t\t\t\t\t\t<\/div>\n\t\t\t\t<\/div>\n\t\t\t\t<\/div>\n\t\t<div class=\"elementor-element elementor-element-9680a7a e-con-full e-flex e-con e-child\" data-id=\"9680a7a\" data-element_type=\"container\" data-e-type=\"container\">\n\t\t\t\t<div class=\"elementor-element elementor-element-4aece4e elementor-invisible elementor-widget elementor-widget-heading\" data-id=\"4aece4e\" data-element_type=\"widget\" data-e-type=\"widget\" data-settings=\"{&quot;_animation&quot;:&quot;fadeInRight&quot;}\" data-widget_type=\"heading.default\">\n\t\t\t\t<div class=\"elementor-widget-container\">\n\t\t\t\t\t<h6 class=\"elementor-heading-title elementor-size-default\">OC Aviation<\/h6>\t\t\t\t<\/div>\n\t\t\t\t<\/div>\n\t\t\t\t<div class=\"elementor-element elementor-element-f1828f4 elementor-invisible elementor-widget elementor-widget-heading\" data-id=\"f1828f4\" data-element_type=\"widget\" data-e-type=\"widget\" data-settings=\"{&quot;_animation&quot;:&quot;fadeInRight&quot;}\" data-widget_type=\"heading.default\">\n\t\t\t\t<div class=\"elementor-widget-container\">\n\t\t\t\t\t<h3 class=\"elementor-heading-title elementor-size-default\">OC Aviation s'engage \u00e0 rendre le pilotage plus accessible aux \u00e9coles de pilotage et aux pilotes priv\u00e9s brevet\u00e9s.<\/h3>\t\t\t\t<\/div>\n\t\t\t\t<\/div>\n\t\t\t\t<div class=\"elementor-element elementor-element-b3905a1 elementor-invisible elementor-widget elementor-widget-button\" data-id=\"b3905a1\" data-element_type=\"widget\" data-e-type=\"widget\" data-settings=\"{&quot;_animation&quot;:&quot;fadeInRight&quot;}\" data-widget_type=\"button.default\">\n\t\t\t\t<div class=\"elementor-widget-container\">\n\t\t\t\t\t\t\t\t\t<div class=\"elementor-button-wrapper\">\n\t\t\t\t\t<a class=\"elementor-button elementor-button-link elementor-size-sm\" href=\"https:\/\/aviation.occorp.ca\/\">\n\t\t\t\t\t\t<span class=\"elementor-button-content-wrapper\">\n\t\t\t\t\t\t\t\t\t<span class=\"elementor-button-text\">Allez sur OC Aviation<\/span>\n\t\t\t\t\t<\/span>\n\t\t\t\t\t<\/a>\n\t\t\t\t<\/div>\n\t\t\t\t\t\t\t\t<\/div>\n\t\t\t\t<\/div>\n\t\t\t\t<\/div>\n\t\t\t\t<\/div>\n\t\t\t\t<\/div>\n\t\t\t\t\t<\/div>\n\t\t\t\t<\/div>\n\t\t\t\t<\/div>\n\t\t","protected":false},"excerpt":{"rendered":"<p>Bienvenue sur OC Corporation Allez sur OC G\u00e9nie Aller sur OC Aviation OC G\u00e9nie OC G\u00e9nie est une firme en g\u00e9nie-conseil sp\u00e9cialis\u00e9e dans la conception de structures en acier, en bois et en b\u00e9ton arm\u00e9. Allez sur OC G\u00e9nie OC Aviation OC Aviation s&rsquo;engage \u00e0 rendre le pilotage plus accessible aux \u00e9coles de pilotage et [&hellip;]<\/p>\n","protected":false},"author":1,"featured_media":0,"parent":0,"menu_order":0,"comment_status":"closed","ping_status":"closed","template":"","meta":{"site-sidebar-layout":"no-sidebar","site-content-layout":"page-builder","ast-site-content-layout":"default","site-content-style":"default","site-sidebar-style":"default","ast-global-header-display":"","ast-banner-title-visibility":"","ast-main-header-display":"","ast-hfb-above-header-display":"","ast-hfb-below-header-display":"","ast-hfb-mobile-header-display":"","site-post-title":"disabled","ast-breadcrumbs-content":"disabled","ast-featured-img":"disabled","footer-sml-layout":"","ast-disable-related-posts":"","theme-transparent-header-meta":"default","adv-header-id-meta":"","stick-header-meta":"","header-above-stick-meta":"","header-main-stick-meta":"","header-below-stick-meta":"","astra-migrate-meta-layouts":"default","ast-page-background-enabled":"default","ast-page-background-meta":{"desktop":{"background-color":"","background-image":"","background-repeat":"repeat","background-position":"center center","background-size":"auto","background-attachment":"scroll","background-type":"","background-media":"","overlay-type":"","overlay-color":"","overlay-opacity":"","overlay-gradient":""},"tablet":{"background-color":"","background-image":"","background-repeat":"repeat","background-position":"center center","background-size":"auto","background-attachment":"scroll","background-type":"","background-media":"","overlay-type":"","overlay-color":"","overlay-opacity":"","overlay-gradient":""},"mobile":{"background-color":"","background-image":"","background-repeat":"repeat","background-position":"center center","background-size":"auto","background-attachment":"scroll","background-type":"","background-media":"","overlay-type":"","overlay-color":"","overlay-opacity":"","overlay-gradient":""}},"ast-content-background-meta":{"desktop":{"background-color":"var(--ast-global-color-5)","background-image":"","background-repeat":"repeat","background-position":"center center","background-size":"auto","background-attachment":"scroll","background-type":"","background-media":"","overlay-type":"","overlay-color":"","overlay-opacity":"","overlay-gradient":""},"tablet":{"background-color":"var(--ast-global-color-5)","background-image":"","background-repeat":"repeat","background-position":"center center","background-size":"auto","background-attachment":"scroll","background-type":"","background-media":"","overlay-type":"","overlay-color":"","overlay-opacity":"","overlay-gradient":""},"mobile":{"background-color":"var(--ast-global-color-5)","background-image":"","background-repeat":"repeat","background-position":"center center","background-size":"auto","background-attachment":"scroll","background-type":"","background-media":"","overlay-type":"","overlay-color":"","overlay-opacity":"","overlay-gradient":""}},"footnotes":""},"class_list":["post-472","page","type-page","status-publish","hentry"],"_links":{"self":[{"href":"https:\/\/occorp.ca\/en\/wp-json\/wp\/v2\/pages\/472","targetHints":{"allow":["GET"]}}],"collection":[{"href":"https:\/\/occorp.ca\/en\/wp-json\/wp\/v2\/pages"}],"about":[{"href":"https:\/\/occorp.ca\/en\/wp-json\/wp\/v2\/types\/page"}],"author":[{"embeddable":true,"href":"https:\/\/occorp.ca\/en\/wp-json\/wp\/v2\/users\/1"}],"replies":[{"embeddable":true,"href":"https:\/\/occorp.ca\/en\/wp-json\/wp\/v2\/comments?post=472"}],"version-history":[{"count":132,"href":"https:\/\/occorp.ca\/en\/wp-json\/wp\/v2\/pages\/472\/revisions"}],"predecessor-version":[{"id":993,"href":"https:\/\/occorp.ca\/en\/wp-json\/wp\/v2\/pages\/472\/revisions\/993"}],"wp:attachment":[{"href":"https:\/\/occorp.ca\/en\/wp-json\/wp\/v2\/media?parent=472"}],"curies":[{"name":"wp","href":"https:\/\/api.w.org\/{rel}","templated":true}]}}